{"id":5603,"date":"2025-10-02T14:11:17","date_gmt":"2025-10-02T11:11:17","guid":{"rendered":"https:\/\/jkg-living.gr\/?post_type=product&#038;p=5603"},"modified":"2026-04-21T15:44:06","modified_gmt":"2026-04-21T12:44:06","slug":"402021","status":"publish","type":"product","link":"https:\/\/jkg-living.gr\/en\/product\/402021\/","title":{"rendered":"Barack Pendant Light Set made of Water Hyacinth  (Model 402021)"},"content":{"rendered":"<p>Set of Pendant Lights made of Water Hyacinth in Natural Shade\n\nThis set of pendant lights is made of water hyacinth in a natural tone. It features a dense weave at the top, which becomes more open in the middle to allow light to diffuse, and then dense again.\n\nIt pairs beautifully with interior styles such as bohemian, coastal, and rustic, adding a natural, warm, and organic feel through its texture and colors.\n\nAdditionally, the versatility of the material makes it suitable for modern and minimalist spaces, especially when choosing more subtle designs or darker tones.<\/p>\n<p>Product dimensions: \u00d850 \u00d7 80H cm, \u00d840 \u00d7 60H cm<\/p>\n<p><strong>Material of Construction:<\/strong><br \/>\nWater hyacinth is a natural, sustainable material derived from the aquatic plant of the same name, which is harvested from bodies of water for the production of various products.\n\nAfter harvesting, the plant stems are dried and then woven to create durable and attractive items such as furniture, baskets, placemats, and decorative objects. The plant is typically collected from rivers and lakes.\n\nIts stems are sun-dried to remove moisture, a process that preserves their structure and increases durability. The dried fibers have a natural golden-brown color, but they can also be dyed or treated to achieve different finishes.\n\nThese dried stems are then used as fibers for weaving a wide range of products. Water hyacinth is a popular material for making baskets, tables, benches, lighting fixtures, and other decorative items.<\/p>","protected":false},"excerpt":{"rendered":"<p>\u03a3\u03b5\u03c4 \u039a\u03c1\u03b5\u03bc\u03b1\u03c3\u03c4\u03ac \u03c6\u03c9\u03c4\u03b9\u03c3\u03c4\u03b9\u03ba\u03ac \u03b1\u03c0\u03cc Water Hyacinth \u03c3\u03b5 \u03c6\u03c5\u03c3\u03b9\u03ba\u03ae \u03b1\u03c0\u03cc\u03c7\u03c1\u03c9\u03c3\u03b7. \u03a0\u03c1\u03cc\u03ba\u03b5\u03b9\u03c4\u03b1\u03b9 \u03b3\u03b9\u03b1 \u03ad\u03bd\u03b1 \u03c6\u03c9\u03c4\u03b9\u03c3\u03c4\u03b9\u03ba\u03cc \u03bc\u03b5 \u03c0\u03c5\u03ba\u03bd\u03ae \u03c0\u03bb\u03ad\u03be\u03b7 \u03c3\u03c4\u03bf \u03c0\u03ac\u03bd\u03c9 \u03bc\u03ad\u03c1\u03bf\u03c2, \u03c3\u03c4\u03b7 \u03c3\u03c5\u03bd\u03ad\u03c7\u03b5\u03b9\u03b1 \u03b3\u03af\u03bd\u03b5\u03c4\u03b1\u03b9 \u03c0\u03b9\u03bf \u03b1\u03c1\u03b1\u03b9\u03ae, \u03b3\u03b9\u03b1 \u03bd\u03b1 \u03b4\u03b9\u03b1\u03c7\u03ad\u03b5\u03c4\u03b1\u03b9 \u03c4\u03bf \u03c6\u03c9\u03c2, \u03ad\u03c0\u03b5\u03b9\u03c4\u03b1 \u03c0\u03ac\u03bb\u03b9 \u03c0\u03c5\u03ba\u03bd\u03ae. \u03a4\u03b1\u03b9\u03c1\u03b9\u03ac\u03b6\u03b5\u03b9 \u03c5\u03c0\u03ad\u03c1\u03bf\u03c7\u03b1 \u03c3\u03b5 \u03c3\u03c4\u03c5\u03bb \u03b4\u03b9\u03b1\u03ba\u03cc\u03c3\u03bc\u03b7\u03c3\u03b7\u03c2 \u03cc\u03c0\u03c9\u03c2 \u03c4\u03bf bohemian, \u03c4\u03bf coastal (\u03b8\u03b1\u03bb\u03b1\u03c3\u03c3\u03b9\u03bd\u03cc\/\u03c0\u03b1\u03c1\u03b1\u03b8\u03b1\u03bb\u03ac\u03c3\u03c3\u03b9\u03bf) \u03ba\u03b1\u03b9 \u03c4\u03bf rustic (\u03b1\u03b3\u03c1\u03bf\u03c4\u03b9\u03ba\u03cc\/\u03c6\u03c5\u03c3\u03b9\u03ba\u03cc), \u03c0\u03c1\u03bf\u03c3\u03b8\u03ad\u03c4\u03bf\u03bd\u03c4\u03b1\u03c2 \u03bc\u03b9\u03b1 \u03c6\u03c5\u03c3\u03b9\u03ba\u03ae, \u03b6\u03b5\u03c3\u03c4\u03ae \u03ba\u03b1\u03b9 \u03bf\u03c1\u03b3\u03b1\u03bd\u03b9\u03ba\u03ae \u03b1\u03af\u03c3\u03b8\u03b7\u03c3\u03b7 \u03bb\u03cc\u03b3\u03c9&#8230;<\/p>","protected":false},"featured_media":5604,"template":"","meta":{"_kad_post_transparent":"default","_kad_post_title":"","_kad_post_layout":"default","_kad_post_sidebar_id":"","_kad_post_content_style":"default","_kad_post_vertical_padding":"default","_kad_post_feature":"","_kad_post_feature_position":"","_kad_post_header":false,"_kad_post_footer":false,"_kad_post_classname":""},"product_brand":[],"product_cat":[69,74],"product_tag":[],"class_list":{"0":"post-5603","1":"product","2":"type-product","3":"status-publish","4":"has-post-thumbnail","6":"product_cat-diakosmisi","7":"product_cat-fotistika","9":"first","10":"instock","11":"shipping-taxable","12":"purchasable","13":"product-type-simple","14":"entry","15":"content-bg","16":"loop-entry"},"_links":{"self":[{"href":"https:\/\/jkg-living.gr\/en\/wp-json\/wp\/v2\/product\/5603","targetHints":{"allow":["GET"]}}],"collection":[{"href":"https:\/\/jkg-living.gr\/en\/wp-json\/wp\/v2\/product"}],"about":[{"href":"https:\/\/jkg-living.gr\/en\/wp-json\/wp\/v2\/types\/product"}],"wp:featuredmedia":[{"embeddable":true,"href":"https:\/\/jkg-living.gr\/en\/wp-json\/wp\/v2\/media\/5604"}],"wp:attachment":[{"href":"https:\/\/jkg-living.gr\/en\/wp-json\/wp\/v2\/media?parent=5603"}],"wp:term":[{"taxonomy":"product_brand","embeddable":true,"href":"https:\/\/jkg-living.gr\/en\/wp-json\/wp\/v2\/product_brand?post=5603"},{"taxonomy":"product_cat","embeddable":true,"href":"https:\/\/jkg-living.gr\/en\/wp-json\/wp\/v2\/product_cat?post=5603"},{"taxonomy":"product_tag","embeddable":true,"href":"https:\/\/jkg-living.gr\/en\/wp-json\/wp\/v2\/product_tag?post=5603"}],"curies":[{"name":"wp","href":"https:\/\/api.w.org\/{rel}","templated":true}]}}