{"id":5601,"date":"2025-10-02T13:59:07","date_gmt":"2025-10-02T10:59:07","guid":{"rendered":"https:\/\/jkg-living.gr\/?post_type=product&#038;p=5601"},"modified":"2025-11-19T13:31:56","modified_gmt":"2025-11-19T11:31:56","slug":"402017","status":"publish","type":"product","link":"https:\/\/jkg-living.gr\/en\/product\/402017\/","title":{"rendered":"Winny Pendant Light Set made of Seagrass  (Model 402017)"},"content":{"rendered":"<p>Set of Pendant Lights made of Seagrass in Natural Shade\n\nThis set of pendant lights is made of seagrass in a natural tone. It features a dense weave and a slightly conical shape.\n\nIt is composed of individual pieces joined together with braids made from the same material. The light, natural color gives it a rustic aesthetic.\n\nThe material has a distinctive natural appearance that adds warmth and a rustic character to any space.<\/p>\n<p>Product dimensions: \u00d850 \u00d7 90H cm, \u00d840 \u00d7 70H cm<\/p>\n<p><strong>Material of Construction:<\/strong><br \/>\nSeagrass refers to natural fibers derived from marine plants, which are harvested and used to create various products such as baskets, furniture, trays, and textiles, offering a natural and rustic feel.<\/p>","protected":false},"excerpt":{"rendered":"<p>Estimated delivery time: 12 weeks<\/p>\n<p>Indicative price<\/p>","protected":false},"featured_media":5602,"template":"","meta":{"_kad_post_transparent":"default","_kad_post_title":"","_kad_post_layout":"default","_kad_post_sidebar_id":"","_kad_post_content_style":"default","_kad_post_vertical_padding":"default","_kad_post_feature":"","_kad_post_feature_position":"","_kad_post_header":false,"_kad_post_footer":false,"_kad_post_classname":""},"product_brand":[],"product_cat":[69,74],"product_tag":[],"class_list":{"0":"post-5601","1":"product","2":"type-product","3":"status-publish","4":"has-post-thumbnail","6":"product_cat-diakosmisi","7":"product_cat-fotistika","9":"first","10":"onbackorder","11":"shipping-taxable","12":"purchasable","13":"product-type-simple","14":"entry","15":"content-bg","16":"loop-entry"},"_links":{"self":[{"href":"https:\/\/jkg-living.gr\/en\/wp-json\/wp\/v2\/product\/5601","targetHints":{"allow":["GET"]}}],"collection":[{"href":"https:\/\/jkg-living.gr\/en\/wp-json\/wp\/v2\/product"}],"about":[{"href":"https:\/\/jkg-living.gr\/en\/wp-json\/wp\/v2\/types\/product"}],"wp:featuredmedia":[{"embeddable":true,"href":"https:\/\/jkg-living.gr\/en\/wp-json\/wp\/v2\/media\/5602"}],"wp:attachment":[{"href":"https:\/\/jkg-living.gr\/en\/wp-json\/wp\/v2\/media?parent=5601"}],"wp:term":[{"taxonomy":"product_brand","embeddable":true,"href":"https:\/\/jkg-living.gr\/en\/wp-json\/wp\/v2\/product_brand?post=5601"},{"taxonomy":"product_cat","embeddable":true,"href":"https:\/\/jkg-living.gr\/en\/wp-json\/wp\/v2\/product_cat?post=5601"},{"taxonomy":"product_tag","embeddable":true,"href":"https:\/\/jkg-living.gr\/en\/wp-json\/wp\/v2\/product_tag?post=5601"}],"curies":[{"name":"wp","href":"https:\/\/api.w.org\/{rel}","templated":true}]}}