{"id":2146,"date":"2022-11-21T11:50:43","date_gmt":"2022-11-21T09:50:43","guid":{"rendered":"https:\/\/jkg-living.gr\/?post_type=product&#038;p=2146"},"modified":"2026-02-11T15:03:35","modified_gmt":"2026-02-11T13:03:35","slug":"302759","status":"publish","type":"product","link":"https:\/\/jkg-living.gr\/en\/product\/302759\/","title":{"rendered":"Boho style baskets made of natural peel, set of 3pcs  (Model 302759)"},"content":{"rendered":"<p>Boho-style basket set of 3 pieces made from natural peel rattan. The baskets are woven and feature an upper section with abac\u00e1 rope, including handles made from the same material.  <\/p>\n<p>Dimensions: \u00d850 \u00d7 50 cm, \u00d840 \u00d7 45 cm, \u00d830 \u00d7 35 cm<\/p>\n<p><strong>Material of Construction:<\/strong><br \/>\nRattan peel is a type of raw material derived from bamboo, known for its flexibility, strength, and durability. It is commonly used in the furniture industry, in weaving, and in handicrafts. <\/p>\n<p><strong>Maintenance:<\/strong><br \/>\nDust regularly and clean with a damp cloth when necessary. <\/p>","protected":false},"excerpt":{"rendered":"<p>\u03a3\u03b5\u03c4 \u03ba\u03b1\u03bb\u03ac\u03b8\u03b9\u03b1 3 \u03c4\u03b5\u03bc\u03b1\u03c7\u03af\u03c9\u03bd \u03c3\u03b5 \u03c3\u03c4\u03c5\u03bb boho \u03b1\u03c0\u03cc \u03c6\u03c5\u03c3\u03b9\u03ba\u03cc \u03c5\u03bb\u03b9\u03ba\u03cc peel rattan. \u03a4\u03b1 \u03ba\u03b1\u03bb\u03ac\u03b8\u03b9\u03b1 \u03b5\u03af\u03bd\u03b1\u03b9 \u03c0\u03bb\u03b5\u03b3\u03bc\u03ad\u03bd\u03b1 \u03ba\u03b1\u03b9 \u03c3\u03c4\u03bf \u03c0\u03ac\u03bd\u03c9 \u03bc\u03ad\u03c1\u03bf\u03c2 \u03c4\u03bf\u03c5\u03c2 \u03ad\u03c7\u03bf\u03c5\u03bd \u03c3\u03c7\u03bf\u03b9\u03bd\u03af abaca \u03bc\u03b5 \u03c7\u03b5\u03b9\u03c1\u03bf\u03bb\u03b1\u03b2\u03ad\u03c2 \u03c3\u03c4\u03bf \u03af\u03b4\u03b9\u03bf \u03c5\u03bb\u03b9\u03ba\u03cc. \u0394\u03b9\u03ac\u03c3\u03c4\u03b1\u03c3\u03b7 : \u03a650&#215;50, \u03a640&#215;45, \u03a630&#215;35 \u03a5\u03bb\u03b9\u03ba\u03cc \u03ba\u03b1\u03c4\u03b1\u03c3\u03ba\u03b5\u03c5\u03ae\u03c2: \u039f \u03c6\u03bb\u03bf\u03b9\u03cc\u03c2 rattan \u03b5\u03af\u03bd\u03b1\u03b9 \u03ad\u03bd\u03b1\u03c2 \u03c4\u03cd\u03c0\u03bf\u03c2 \u03b1\u03ba\u03b1\u03c4\u03ad\u03c1\u03b3\u03b1\u03c3\u03c4\u03bf\u03c5 \u03c5\u03bb\u03b9\u03ba\u03bf\u03cd \u03b1\u03c0\u03cc \u03bc\u03c0\u03b1\u03bc\u03c0\u03bf\u03cd \u03c0\u03bf\u03c5 \u03b5\u03af\u03bd\u03b1\u03b9 \u03b3\u03bd\u03c9\u03c3\u03c4\u03cc\u03c2 \u03b3\u03b9\u03b1 \u03c4\u03b7\u03bd \u03b5\u03c5\u03b5\u03bb\u03b9\u03be\u03af\u03b1, \u03c4\u03b7\u03bd \u03b1\u03bd\u03c4\u03bf\u03c7\u03ae \u03ba\u03b1\u03b9&#8230;<\/p>","protected":false},"featured_media":2414,"template":"","meta":{"_kad_post_transparent":"default","_kad_post_title":"","_kad_post_layout":"default","_kad_post_sidebar_id":"","_kad_post_content_style":"default","_kad_post_vertical_padding":"default","_kad_post_feature":"","_kad_post_feature_position":"","_kad_post_header":false,"_kad_post_footer":false,"_kad_post_classname":""},"product_brand":[],"product_cat":[69,76],"product_tag":[],"class_list":{"0":"post-2146","1":"product","2":"type-product","3":"status-publish","4":"has-post-thumbnail","6":"product_cat-diakosmisi","7":"product_cat-kalathia","9":"first","10":"instock","11":"shipping-taxable","12":"purchasable","13":"product-type-simple","14":"entry","15":"content-bg","16":"loop-entry"},"_links":{"self":[{"href":"https:\/\/jkg-living.gr\/en\/wp-json\/wp\/v2\/product\/2146","targetHints":{"allow":["GET"]}}],"collection":[{"href":"https:\/\/jkg-living.gr\/en\/wp-json\/wp\/v2\/product"}],"about":[{"href":"https:\/\/jkg-living.gr\/en\/wp-json\/wp\/v2\/types\/product"}],"wp:featuredmedia":[{"embeddable":true,"href":"https:\/\/jkg-living.gr\/en\/wp-json\/wp\/v2\/media\/2414"}],"wp:attachment":[{"href":"https:\/\/jkg-living.gr\/en\/wp-json\/wp\/v2\/media?parent=2146"}],"wp:term":[{"taxonomy":"product_brand","embeddable":true,"href":"https:\/\/jkg-living.gr\/en\/wp-json\/wp\/v2\/product_brand?post=2146"},{"taxonomy":"product_cat","embeddable":true,"href":"https:\/\/jkg-living.gr\/en\/wp-json\/wp\/v2\/product_cat?post=2146"},{"taxonomy":"product_tag","embeddable":true,"href":"https:\/\/jkg-living.gr\/en\/wp-json\/wp\/v2\/product_tag?post=2146"}],"curies":[{"name":"wp","href":"https:\/\/api.w.org\/{rel}","templated":true}]}}